{"id":275,"date":"2025-11-21T03:32:16","date_gmt":"2025-11-21T03:32:16","guid":{"rendered":"https:\/\/foragebaler.com\/?page_id=275"},"modified":"2025-12-01T00:35:33","modified_gmt":"2025-12-01T00:35:33","slug":"contact-us","status":"publish","type":"page","link":"https:\/\/foragebaler.com\/fr\/contact-us\/","title":{"rendered":"Contactez-nous"},"content":{"rendered":"<p>[et_pb_section fb_built=&#8221;1&#8243; admin_label=&#8221;Header&#8221; _builder_version=&#8221;4.20.4&#8243; background_image=&#8221;https:\/\/foragebaler.com\/wp-content\/uploads\/2025\/11\/psychologist-05.jpg&#8221; parallax=&#8221;on&#8221; overflow-x=&#8221;visible&#8221; overflow-y=&#8221;visible&#8221; custom_margin=&#8221;40px|40px|40px|40px|false|true&#8221; custom_margin_tablet=&#8221;0px||||false|false&#8221; custom_margin_phone=&#8221;|20px||20px|false|true&#8221; custom_margin_last_edited=&#8221;on|phone&#8221; box_shadow_style=&#8221;preset3&#8243; box_shadow_vertical=&#8221;100px&#8221; box_shadow_blur=&#8221;200px&#8221; box_shadow_spread=&#8221;-50px&#8221; box_shadow_color=&#8221;rgba(131,146,167,0.32)&#8221; locked=&#8221;off&#8221; global_colors_info=&#8221;{}&#8221;][et_pb_row column_structure=&#8221;3_5,2_5&#8243; custom_padding_last_edited=&#8221;on|desktop&#8221; _builder_version=&#8221;4.16&#8243; width_tablet=&#8221;&#8221; width_phone=&#8221;90%&#8221; width_last_edited=&#8221;on|phone&#8221; custom_padding=&#8221;25px||||false|false&#8221; custom_padding_tablet=&#8221;60px||60px||true|false&#8221; custom_padding_phone=&#8221;40px||40px||true|false&#8221; global_colors_info=&#8221;{}&#8221;][et_pb_column type=&#8221;3_5&#8243; _builder_version=&#8221;4.16&#8243; custom_padding=&#8221;||||false|false&#8221; global_colors_info=&#8221;{}&#8221;][et_pb_text _builder_version=&#8221;4.20.4&#8243; text_font=&#8221;Akaya Telivigala||||||||&#8221; text_text_color=&#8221;#00208A&#8221; text_font_size=&#8221;17px&#8221; text_line_height=&#8221;1.8em&#8221; header_font=&#8221;Taviraj||||||||&#8221; header_text_color=&#8221;#E06100&#8243; header_font_size=&#8221;60px&#8221; header_line_height=&#8221;1.2em&#8221; header_2_font=&#8221;Abhaya Libre||||||||&#8221; header_2_font_size=&#8221;30px&#8221; max_width=&#8221;600px&#8221; max_width_last_edited=&#8221;off|desktop&#8221; text_font_size_tablet=&#8221;18px&#8221; text_font_size_phone=&#8221;16px&#8221; text_font_size_last_edited=&#8221;on|tablet&#8221; header_font_size_tablet=&#8221;40px&#8221; header_font_size_phone=&#8221;30px&#8221; header_font_size_last_edited=&#8221;on|desktop&#8221; header_text_shadow_style=&#8221;preset1&#8243; locked=&#8221;off&#8221; global_colors_info=&#8221;{}&#8221;]<\/p>\n<h1>Contactez-nous<\/h1>\n<h2><\/h2>\n<h2>Votre partenaire de confiance pour les presses \u00e0 balles de fourrage et les \u00e9quipements de fenaison partout aux \u00c9tats-Unis<\/h2>\n<p>Que vous soyez propri\u00e9taire d'un grand ranch, producteur d'ensilage ou de foin, notre \u00e9quipe est \u00e0 votre disposition pour vous conseiller et vous accompagner. Du choix des produits \u00e0 l'assistance technique, en passant par les demandes de prix et le service apr\u00e8s-vente, nous sommes l\u00e0 pour vous aider.<\/p>\n<p>[\/et_pb_text][et_pb_text _builder_version=&#8221;4.20.4&#8243; _module_preset=&#8221;default&#8221; hover_enabled=&#8221;0&#8243; global_colors_info=&#8221;{}&#8221; sticky_enabled=&#8221;0&#8243;]<\/p>\n<h3 data-start=\"1379\" data-end=\"1413\"><strong data-start=\"1383\" data-end=\"1413\">Contactez nos sp\u00e9cialistes<\/strong><\/h3>\n<p data-start=\"1414\" data-end=\"1555\">Besoin d'aide pour choisir la presse \u00e0 ensilage adapt\u00e9e \u00e0 la taille de votre exploitation, au type de culture et \u00e0 la puissance de votre tracteur\u00a0? Nos sp\u00e9cialistes sont l\u00e0 pour vous aider\u00a0!<\/p>\n<h4 data-start=\"1557\" data-end=\"1585\"><strong data-start=\"1562\" data-end=\"1585\">Services disponibles\u00a0:<\/strong><\/h4>\n<ul data-start=\"1586\" data-end=\"1785\">\n<li data-start=\"1586\" data-end=\"1624\">\n<p data-start=\"1588\" data-end=\"1624\">S\u00e9lection de produits et consultation<\/p>\n<\/li>\n<li data-start=\"1625\" data-end=\"1655\">\n<p data-start=\"1627\" data-end=\"1655\">Prix \u200b\u200bet d\u00e9lais de livraison<\/p>\n<\/li>\n<li data-start=\"1656\" data-end=\"1701\">\n<p data-start=\"1658\" data-end=\"1701\">Soutien logistique et d'exp\u00e9dition \u00e0 l'\u00e9chelle nationale<\/p>\n<\/li>\n<li data-start=\"1702\" data-end=\"1737\">\n<p data-start=\"1704\" data-end=\"1737\">Conseils d'entretien et de soin<\/p>\n<\/li>\n<li data-start=\"1738\" data-end=\"1761\">\n<p data-start=\"1740\" data-end=\"1761\">partenariats avec les concessionnaires<\/p>\n<\/li>\n<li data-start=\"1762\" data-end=\"1785\">\n<p data-start=\"1764\" data-end=\"1785\">Assistance apr\u00e8s-vente<\/p>\n<\/li>\n<\/ul>\n<p data-start=\"1787\" data-end=\"1893\"><strong data-start=\"1787\" data-end=\"1815\">Garantie de r\u00e9ponse rapide\u00a0:<\/strong><br data-start=\"1815\" data-end=\"1818\" \/>Nous nous engageons \u00e0 r\u00e9pondre \u00e0 toutes les demandes dans les d\u00e9lais impartis. <strong data-start=\"1864\" data-end=\"1876\">24 heures<\/strong> (jours ouvrables).<\/p>\n<p>[\/et_pb_text][et_pb_button button_url=&#8221;#contact&#8221; button_text=&#8221;Contact Now&#8221; _builder_version=&#8221;4.20.4&#8243; _module_preset=&#8221;default&#8221; custom_button=&#8221;on&#8221; button_text_color=&#8221;#E06100&#8243; button_font=&#8221;|600|||||||&#8221; custom_padding=&#8221;||1px|||&#8221; box_shadow_style=&#8221;preset4&#8243; box_shadow_horizontal=&#8221;5px&#8221; box_shadow_vertical=&#8221;5px&#8221; box_shadow_color=&#8221;#E06100&#8243; global_colors_info=&#8221;{}&#8221;][\/et_pb_button][\/et_pb_column][et_pb_column type=&#8221;2_5&#8243; _builder_version=&#8221;4.16&#8243; background_color=&#8221;rgba(255,255,255,0.3)&#8221; use_background_color_gradient=&#8221;on&#8221; background_color_gradient_direction=&#8221;160deg&#8221; background_color_gradient_stops=&#8221;rgba(21,0,127,0.8) 0%|rgba(4,1,25,0.63) 100%&#8221; background_color_gradient_start=&#8221;rgba(21,0,127,0.8)&#8221; background_color_gradient_end=&#8221;rgba(4,1,25,0.63)&#8221; background_enable_image=&#8221;off&#8221; parallax=&#8221;on&#8221; transform_scale_tablet=&#8221;&#8221; transform_scale_phone=&#8221;&#8221; transform_scale_last_edited=&#8221;on|desktop&#8221; transform_translate=&#8221;0px|140px&#8221; transform_translate_tablet=&#8221;0px|0px&#8221; transform_translate_phone=&#8221;&#8221; transform_translate_last_edited=&#8221;on|phone&#8221; transform_translate_linked=&#8221;off&#8221; transform_rotate_last_edited=&#8221;off|desktop&#8221; transform_skew_last_edited=&#8221;off|desktop&#8221; transform_origin_last_edited=&#8221;off|desktop&#8221; transform_styles_last_edited=&#8221;on|phone&#8221; custom_padding=&#8221;80px|50px|80px|50px|true|true&#8221; custom_padding_tablet=&#8221;&#8221; custom_padding_phone=&#8221;20px|20px|20px|20px|true|true&#8221; custom_padding_last_edited=&#8221;on|desktop&#8221; filter_opacity=&#8221;90%&#8221; transform_styles_tablet=&#8221;&#8221; transform_styles_phone=&#8221;&#8221; box_shadow_style=&#8221;preset3&#8243; box_shadow_vertical=&#8221;24px&#8221; box_shadow_blur=&#8221;88px&#8221; box_shadow_spread=&#8221;-32px&#8221; box_shadow_color=&#8221;#45397f&#8221; global_colors_info=&#8221;{}&#8221;][et_pb_text _builder_version=&#8221;4.20.4&#8243; text_font=&#8221;Taviraj|500|||||||&#8221; text_font_size=&#8221;21px&#8221; text_line_height=&#8221;1.8em&#8221; header_3_font=&#8221;Taviraj|600|||||||&#8221; header_3_text_color=&#8221;rgba(255,255,255,0.6)&#8221; header_3_font_size=&#8221;18px&#8221; header_3_line_height=&#8221;1.2em&#8221; background_layout=&#8221;dark&#8221; custom_margin=&#8221;||60px||false|false&#8221; custom_margin_tablet=&#8221;&#8221; custom_margin_phone=&#8221;||30px||false|false&#8221; custom_margin_last_edited=&#8221;on|desktop&#8221; hover_enabled=&#8221;0&#8243; global_colors_info=&#8221;{}&#8221; sticky_enabled=&#8221;0&#8243;]<\/p>\n<h2 data-start=\"729\" data-end=\"770\"><strong data-start=\"733\" data-end=\"768\">Si\u00e8ge social \u2013 \u00c9tats-Unis<\/strong><\/h2>\n<p data-start=\"771\" data-end=\"892\"><br data-start=\"822\" data-end=\"825\" \/><strong data-start=\"825\" data-end=\"837\">Adresse:<\/strong><br data-start=\"837\" data-end=\"840\" \/>1401, 21e Rue, bureau R, Sacramento, CA 95811, \u00c9tats-Unis<\/p>\n<p data-start=\"894\" data-end=\"1010\"><strong data-start=\"894\" data-end=\"911\">Heures d'ouverture :<\/strong><br data-start=\"911\" data-end=\"914\" \/><span>Du lundi au vendredi : de 8h \u00e0 21h<\/span><br \/><span>Week-ends\u00a0: 10h \u2013 17h<\/span><\/p>\n<p data-start=\"894\" data-end=\"1010\"><strong data-start=\"1043\" data-end=\"1053\">E-mail:<\/strong> <a href=\"mailto:sales@foragebaler.com\">sales@foragebaler.com<\/a><a data-start=\"1216\" data-end=\"1271\" class=\"decorated-link cursor-pointer\" rel=\"noopener\"><span aria-hidden=\"true\" class=\"ms-0.5 inline-block align-middle leading-none\"><svg width=\"20\" height=\"20\" viewbox=\"0 0 20 20\" fill=\"currentColor\" xmlns=\"http:\/\/www.w3.org\/2000\/svg\" data-rtl-flip=\"\" class=\"block h-[0.75em] w-[0.75em] stroke-current stroke-[0.75]\"><path d=\"M14.3349 13.3301V6.60645L5.47065 15.4707C5.21095 15.7304 4.78895 15.7304 4.52925 15.4707C4.26955 15.211 4.26955 14.789 4.52925 14.5293L13.3935 5.66504H6.66011C6.29284 5.66504 5.99507 5.36727 5.99507 5C5.99507 4.63273 6.29284 4.33496 6.66011 4.33496H14.9999L15.1337 4.34863C15.4369 4.41057 15.665 4.67857 15.665 5V13.3301C15.6649 13.6973 15.3672 13.9951 14.9999 13.9951C14.6327 13.9951 14.335 13.6973 14.3349 13.3301Z\"><\/path><\/svg><\/span><\/a><\/p>\n<blockquote data-start=\"1273\" data-end=\"1372\">\n<p data-start=\"1275\" data-end=\"1372\"><em data-start=\"1275\" data-end=\"1372\">Nous sommes fiers de servir les agriculteurs de Californie, du Texas, des Grandes Plaines et du Nord-Ouest Pacifique.<\/em><\/p>\n<\/blockquote>\n<p>[\/et_pb_text][\/et_pb_column][\/et_pb_row][\/et_pb_section][et_pb_section fb_built=&#8221;1&#8243; admin_label=&#8221;FAQ&#8221; _builder_version=&#8221;4.20.4&#8243; background_color=&#8221;rgba(0,0,0,0)&#8221; background_enable_image=&#8221;off&#8221; custom_margin=&#8221;|40px||40px|false|true&#8221; custom_margin_tablet=&#8221;&#8221; custom_margin_phone=&#8221;|20px||20px|false|true&#8221; custom_margin_last_edited=&#8221;on|tablet&#8221; custom_padding=&#8221;||7px||false|false&#8221; locked=&#8221;off&#8221; global_colors_info=&#8221;{}&#8221;][et_pb_row column_structure=&#8221;1_2,1_2&#8243; _builder_version=&#8221;4.16&#8243; background_enable_color=&#8221;off&#8221; global_colors_info=&#8221;{}&#8221;][et_pb_column type=&#8221;1_2&#8243; _builder_version=&#8221;4.16&#8243; global_colors_info=&#8221;{}&#8221;][et_pb_text _builder_version=&#8221;4.20.4&#8243; text_font_size=&#8221;17px&#8221; text_line_height=&#8221;1.8em&#8221; header_2_font=&#8221;Taviraj||||||||&#8221; header_2_font_size=&#8221;46px&#8221; header_2_line_height=&#8221;1.2em&#8221; custom_padding=&#8221;||||false|false&#8221; custom_padding_tablet=&#8221;|30px||50px|true|false&#8221; custom_padding_phone=&#8221;|30px|||true|false&#8221; custom_padding_last_edited=&#8221;off|tablet&#8221; hover_enabled=&#8221;0&#8243; text_font_size_tablet=&#8221;&#8221; text_font_size_phone=&#8221;15px&#8221; text_font_size_last_edited=&#8221;on|desktop&#8221; header_2_font_size_tablet=&#8221;40px&#8221; header_2_font_size_phone=&#8221;30px&#8221; header_2_font_size_last_edited=&#8221;on|phone&#8221; global_colors_info=&#8221;{}&#8221; sticky_enabled=&#8221;0&#8243;]<\/p>\n<h2 data-start=\"2433\" data-end=\"2459\"><strong data-start=\"2437\" data-end=\"2459\">Pourquoi nous contacter ?<\/strong><\/h2>\n<h3 data-start=\"2460\" data-end=\"2521\"><strong data-start=\"2464\" data-end=\"2521\">Nous proposons des solutions de pressage sur mesure pour les agriculteurs am\u00e9ricains.<\/strong><\/h3>\n<p><strong data-start=\"2464\" data-end=\"2521\"><\/strong><\/p>\n<ul data-start=\"2523\" data-end=\"3022\">\n<li data-start=\"2523\" data-end=\"2625\">\n<p data-start=\"2525\" data-end=\"2625\"><strong data-start=\"2527\" data-end=\"2556\">\u2714 Production de foin en Californie<\/strong>Nous proposons des presses \u00e0 balles haute densit\u00e9 qui excellent dans les climats chauds et secs.<\/p>\n<\/li>\n<li data-start=\"2626\" data-end=\"2729\">\n<p data-start=\"2628\" data-end=\"2729\">\u2714 <strong data-start=\"2630\" data-end=\"2662\">Op\u00e9rations au Texas et dans le Midwest<\/strong>Solutions sur mesure pour l'agriculture \u00e0 grande \u00e9chelle et la production d'ensilage.<\/p>\n<\/li>\n<li data-start=\"2730\" data-end=\"2825\">\n<p data-start=\"2732\" data-end=\"2825\">\u2714 <strong data-start=\"2734\" data-end=\"2762\">Cultures sensibles \u00e0 l'humidit\u00e9<\/strong>Syst\u00e8mes d'enrubannage en filet pour la conservation de l'ensilage en milieu humide.<\/p>\n<\/li>\n<li data-start=\"2826\" data-end=\"2924\">\n<p data-start=\"2828\" data-end=\"2924\">\u2714 <strong data-start=\"2830\" data-end=\"2856\">Pressage \u00e0 haute efficacit\u00e9<\/strong>Pour les exploitations agricoles qui ont besoin de d\u00e9lais de livraison rapides et d'une qualit\u00e9 de balles constante.<\/p>\n<\/li>\n<li data-start=\"2925\" data-end=\"3022\">\n<p data-start=\"2927\" data-end=\"3022\">\u2714 <strong data-start=\"2929\" data-end=\"2946\">Soutien local<\/strong>Nous avons des concessionnaires et des partenaires de service partout aux \u00c9tats-Unis, pr\u00eats \u00e0 vous aider.<\/p>\n<\/li>\n<\/ul>\n<p>[\/et_pb_text][et_pb_button button_url=&#8221;https:\/\/foragebaler.com\/about\/&#8221; button_text=&#8221;More About Me&#8221; button_alignment=&#8221;left&#8221; button_alignment_tablet=&#8221;left&#8221; button_alignment_phone=&#8221;&#8221; button_alignment_last_edited=&#8221;on|tablet&#8221; _builder_version=&#8221;4.20.4&#8243; custom_button=&#8221;on&#8221; button_text_size=&#8221;16px&#8221; button_text_color=&#8221;#ffffff&#8221; button_bg_color=&#8221;#8857f2&#8243; button_bg_use_color_gradient=&#8221;on&#8221; button_bg_color_gradient_direction=&#8221;172deg&#8221; button_bg_color_gradient_stops=&#8221;#946ef4 0%|#8857f2 100%&#8221; button_bg_color_gradient_start=&#8221;#946ef4&#8243; button_bg_color_gradient_end=&#8221;#8857f2&#8243; button_border_width=&#8221;0px&#8221; button_border_color=&#8221;rgba(0,0,0,0)&#8221; button_border_radius=&#8221;0px&#8221; button_font=&#8221;Hind|600|||||||&#8221; custom_margin_tablet=&#8221;|||50px|false|false&#8221; custom_margin_last_edited=&#8221;off|tablet&#8221; custom_padding=&#8221;13px||10px||false|true&#8221; box_shadow_style=&#8221;preset3&#8243; box_shadow_vertical=&#8221;10px&#8221; box_shadow_blur=&#8221;40px&#8221; box_shadow_spread=&#8221;-12px&#8221; box_shadow_color=&#8221;rgba(136,87,242,0.67)&#8221; locked=&#8221;off&#8221; global_colors_info=&#8221;{}&#8221; button_bg_color__hover_enabled=&#8221;off&#8221;][\/et_pb_button][\/et_pb_column][et_pb_column type=&#8221;1_2&#8243; _builder_version=&#8221;4.16&#8243; background_color=&#8221;#ffffff&#8221; custom_padding=&#8221;20px|20px|20px|20px|true|true&#8221; box_shadow_style=&#8221;preset3&#8243; box_shadow_vertical=&#8221;0px&#8221; box_shadow_blur=&#8221;50px&#8221; box_shadow_spread=&#8221;0px&#8221; box_shadow_color=&#8221;rgba(131,146,167,0.2)&#8221; global_colors_info=&#8221;{}&#8221;][et_pb_text _builder_version=&#8221;4.20.4&#8243; _module_preset=&#8221;default&#8221; header_2_font=&#8221;Aldrich|700|||||||&#8221; header_2_text_color=&#8221;#E06100&#8243; header_2_font_size=&#8221;36px&#8221; custom_padding=&#8221;30px|||20px|false|false&#8221; header_2_text_shadow_style=&#8221;preset2&#8243; global_colors_info=&#8221;{}&#8221;]<\/p>\n<h2 class=\"product-section-title\">\u2753 FAQ<\/h2>\n<p>[\/et_pb_text][et_pb_accordion open_toggle_background_color=&#8221;rgba(0,0,0,0)&#8221; closed_toggle_background_color=&#8221;rgba(0,0,0,0)&#8221; _builder_version=&#8221;4.20.4&#8243; toggle_text_color=&#8221;#000000&#8243; toggle_font=&#8221;Taviraj|600|||||||&#8221; toggle_line_height=&#8221;1.4em&#8221; body_font_size=&#8221;15px&#8221; body_line_height=&#8221;1.8em&#8221; link_option_url=&#8221;#&#8221; border_width_all=&#8221;0px&#8221; global_colors_info=&#8221;{}&#8221;][et_pb_accordion_item title=&#8221;How do I order parts for my baler?&#8221; open=&#8221;on&#8221; _builder_version=&#8221;4.20.4&#8243; custom_margin=&#8221;||0px||false|false&#8221; global_colors_info=&#8221;{}&#8221;]<\/p>\n<p>Vous pouvez commander des pi\u00e8ces de rechange pour votre presse \u00e0 balles directement aupr\u00e8s de notre service client. Veuillez remplir le formulaire. <a href=\"#contact\">formulaire de contact<\/a> ou appelez-nous pour demander les pi\u00e8ces n\u00e9cessaires.<\/p>\n<p>[\/et_pb_accordion_item][et_pb_accordion_item title=&#8221;How long will it take to get a response to my inquiry?&#8221; _builder_version=&#8221;4.20.4&#8243; custom_margin=&#8221;||0px||false|false&#8221; global_colors_info=&#8221;{}&#8221; open=&#8221;off&#8221;]<\/p>\n<p>Nous nous effor\u00e7ons de r\u00e9pondre \u00e0 toutes les demandes dans un d\u00e9lai de 24 heures ouvrables.<\/p>\n<p>[\/et_pb_accordion_item][et_pb_accordion_item title=&#8221;Can I schedule a demonstration of the baler?&#8221; _builder_version=&#8221;4.20.4&#8243; custom_margin=&#8221;||0px||false|false&#8221; global_colors_info=&#8221;{}&#8221; open=&#8221;off&#8221;]<\/p>\n<p>Oui\u00a0! Nous proposons des d\u00e9monstrations en direct de notre presse \u00e0 balles rondes dans certaines r\u00e9gions. Contactez notre \u00e9quipe commerciale via cette page pour programmer une d\u00e9monstration pr\u00e8s de chez vous.<\/p>\n<p>[\/et_pb_accordion_item][et_pb_accordion_item title=&#8221;Do you offer financing options for purchasing a baler?&#8221; _builder_version=&#8221;4.20.4&#8243; custom_margin=&#8221;||0px||false|false&#8221; global_colors_info=&#8221;{}&#8221; open=&#8221;off&#8221;]<\/p>\n<p>Oui, nous proposons des options de financement flexibles pour vous aider \u00e0 acqu\u00e9rir votre presse \u00e0 balles rondes. Veuillez nous contacter directement via le formulaire de contact ou par courriel \u00e0 l'adresse suivante\u00a0: <a href=\"mailto:sales@foragebaler.com\">sales@foragebaler.com<\/a><br \/>pour discuter de vos options de financement.<\/p>\n<p>[\/et_pb_accordion_item][et_pb_accordion_item title=&#8221;How can I get a quote for the baler?&#8221; _builder_version=&#8221;4.20.4&#8243; custom_margin=&#8221;||0px||false|false&#8221; global_colors_info=&#8221;{}&#8221; open=&#8221;off&#8221;]<\/p>\n<p>Pour obtenir un devis pour la presse \u00e0 balles, veuillez remplir le formulaire de contact sur cette page ou nous envoyer un courriel \u00e0 <a href=\"mailto:sales@foragebaler.com\">sales@foragebaler.com<\/a><br \/>L\u2019un de nos sp\u00e9cialistes vous contactera pour vous fournir un devis personnalis\u00e9 en fonction de vos besoins.<\/p>\n<p>[\/et_pb_accordion_item][\/et_pb_accordion][\/et_pb_column][\/et_pb_row][\/et_pb_section][et_pb_section fb_built=&#8221;1&#8243; _builder_version=&#8221;4.20.4&#8243; _module_preset=&#8221;default&#8221; global_colors_info=&#8221;{}&#8221;][et_pb_row _builder_version=&#8221;4.20.4&#8243; _module_preset=&#8221;default&#8221; global_colors_info=&#8221;{}&#8221;][et_pb_column type=&#8221;4_4&#8243; _builder_version=&#8221;4.20.4&#8243; _module_preset=&#8221;default&#8221; global_colors_info=&#8221;{}&#8221;][et_pb_text _builder_version=&#8221;4.20.4&#8243; _module_preset=&#8221;default&#8221; header_2_font=&#8221;Corben||||||||&#8221; header_2_text_color=&#8221;#00457A&#8221; header_2_font_size=&#8221;36px&#8221; header_2_text_shadow_style=&#8221;preset1&#8243; global_colors_info=&#8221;{}&#8221;]<\/p>\n<h2 style=\"text-align: center;\">Bienvenue dans notre usine de fabrication.<\/h2>\n<p>[\/et_pb_text][et_pb_code _builder_version=&#8221;4.20.4&#8243; _module_preset=&#8221;default&#8221; custom_margin=&#8221;62px|||||&#8221; global_colors_info=&#8221;{}&#8221;]<iframe src=\"https:\/\/www.google.com\/maps\/embed?pb=!1m18!1m12!1m3!1d3119.356558765752!2d-121.48287132426742!3d38.57163617179541!2m3!1f0!2f0!3f0!3m2!1i1024!2i768!4f13.1!3m3!1m2!1s0x809ad0dd31655555%3A0x4400fdc2363ca6c4!2s1401%2021st%20Street%20Suite%20R%2C%20Sacramento%2C%20CA%2095811!5e0!3m2!1sen!2sus!4v1763691604859!5m2!1sen!2sus\" width=\"100%\" height=\"450\" style=\"border:0;\" allowfullscreen=\"\" loading=\"lazy\" referrerpolicy=\"no-referrer-when-downgrade\"><\/iframe>[\/et_pb_code][\/et_pb_column][\/et_pb_row][\/et_pb_section]<\/p>","protected":false},"excerpt":{"rendered":"<p>Contact Us Your Trusted Partner for Forage Baler &amp; Hay Equipment Across the United States Whether you are a large-scale ranch owner, a silage producer, or a hay grower, our team is ready to provide expert advice and support. From product selection and technical service to pricing inquiries and after-sales support, we are here to [&hellip;]<\/p>","protected":false},"author":1,"featured_media":0,"parent":0,"menu_order":0,"comment_status":"closed","ping_status":"closed","template":"","meta":{"_et_pb_use_builder":"on","_et_pb_old_content":"","_et_gb_content_width":"","footnotes":""},"class_list":["post-275","page","type-page","status-publish","hentry"],"_links":{"self":[{"href":"https:\/\/foragebaler.com\/fr\/wp-json\/wp\/v2\/pages\/275","targetHints":{"allow":["GET"]}}],"collection":[{"href":"https:\/\/foragebaler.com\/fr\/wp-json\/wp\/v2\/pages"}],"about":[{"href":"https:\/\/foragebaler.com\/fr\/wp-json\/wp\/v2\/types\/page"}],"author":[{"embeddable":true,"href":"https:\/\/foragebaler.com\/fr\/wp-json\/wp\/v2\/users\/1"}],"replies":[{"embeddable":true,"href":"https:\/\/foragebaler.com\/fr\/wp-json\/wp\/v2\/comments?post=275"}],"version-history":[{"count":15,"href":"https:\/\/foragebaler.com\/fr\/wp-json\/wp\/v2\/pages\/275\/revisions"}],"predecessor-version":[{"id":451,"href":"https:\/\/foragebaler.com\/fr\/wp-json\/wp\/v2\/pages\/275\/revisions\/451"}],"wp:attachment":[{"href":"https:\/\/foragebaler.com\/fr\/wp-json\/wp\/v2\/media?parent=275"}],"curies":[{"name":"wp","href":"https:\/\/api.w.org\/{rel}","templated":true}]}}